{"id":9,"date":"2011-04-20T13:20:29","date_gmt":"2011-04-20T13:20:29","guid":{"rendered":"http:\/\/katalog.alvincr.cz\/?page_id=9"},"modified":"2019-12-30T11:49:30","modified_gmt":"2019-12-30T10:49:30","slug":"kontakty","status":"publish","type":"page","link":"http:\/\/alvincr.cz\/katalogy\/kontakty\/","title":{"rendered":"Kontakty"},"content":{"rendered":"<table class=\"tabulkaNO\" border=\"0\" width=\"100%\" cellspacing=\"0\" cellpadding=\"0\">\n<tbody>\n<tr>\n<td width=\"8%\"><strong><span style=\"text-decoration: underline;\">Kontakt:<\/span><\/strong><\/td>\n<td width=\"32%\"><\/td>\n<td width=\"20%\"><\/td>\n<td width=\"20%\"><\/td>\n<td width=\"20%\"><\/td>\n<\/tr>\n<tr>\n<td colspan=\"2\" width=\"40%\"><strong><span style=\"font-size: medium;\">ALVIN <\/span><\/strong> <strong><span style=\"font-size: medium;\">\u010cR, s.r.o.<\/span><\/strong><br \/>\nArgentinsk\u00e1 26<br \/>\nPraha 7 &#8211; 170 00<\/td>\n<td width=\"20%\"><\/td>\n<td width=\"20%\"><\/td>\n<td width=\"20%\"><\/td>\n<\/tr>\n<tr>\n<td width=\"8%\">&nbsp;<\/p>\n<p>telefon:<\/td>\n<td width=\"32%\">&nbsp;<\/p>\n<p>220 803 944<br \/>\n602 628 571<\/td>\n<td width=\"20%\"><\/td>\n<td width=\"20%\"><\/td>\n<td width=\"20%\"><\/td>\n<\/tr>\n<tr>\n<td width=\"8%\">e-mail:<\/td>\n<td width=\"32%\"><a href=\"mailto:alvincr@volny.cz\">alvincr<\/a><a href=\"mailto:alvincr@volny.cz\">@volny.cz<\/a><\/td>\n<td width=\"20%\"><\/td>\n<td width=\"20%\"><\/td>\n<td width=\"20%\"><\/td>\n<\/tr>\n<tr>\n<td width=\"8%\">&nbsp;<\/p>\n<p>skype:<\/td>\n<td width=\"32%\">&nbsp;<\/p>\n<p>alvinn487<\/td>\n<td width=\"20%\"><\/td>\n<td width=\"20%\"><\/td>\n<td width=\"20%\"><\/td>\n<\/tr>\n<tr>\n<td width=\"8%\">otev\u00edrac\u00ed doba:<\/td>\n<td width=\"32%\">Po &#8211; P\u00e1\u00a0 08h &#8211; 17h<\/td>\n<\/tr>\n<\/tbody>\n<\/table>\n","protected":false},"excerpt":{"rendered":"<p>Kontakt: ALVIN \u010cR, s.r.o. Argentinsk\u00e1 26 Praha 7 &#8211; 170 00 &nbsp; telefon: &nbsp; 220 803 944 602 628 571 e-mail: alvincr@volny.cz &nbsp; skype: &nbsp; alvinn487 otev\u00edrac\u00ed doba: Po &#8211; P\u00e1\u00a0 08h &#8211; 17h<\/p>\n","protected":false},"author":1,"featured_media":0,"parent":0,"menu_order":0,"comment_status":"closed","ping_status":"closed","template":"","meta":[],"_links":{"self":[{"href":"http:\/\/alvincr.cz\/katalogy\/wp-json\/wp\/v2\/pages\/9"}],"collection":[{"href":"http:\/\/alvincr.cz\/katalogy\/wp-json\/wp\/v2\/pages"}],"about":[{"href":"http:\/\/alvincr.cz\/katalogy\/wp-json\/wp\/v2\/types\/page"}],"author":[{"embeddable":true,"href":"http:\/\/alvincr.cz\/katalogy\/wp-json\/wp\/v2\/users\/1"}],"replies":[{"embeddable":true,"href":"http:\/\/alvincr.cz\/katalogy\/wp-json\/wp\/v2\/comments?post=9"}],"version-history":[{"count":9,"href":"http:\/\/alvincr.cz\/katalogy\/wp-json\/wp\/v2\/pages\/9\/revisions"}],"predecessor-version":[{"id":457,"href":"http:\/\/alvincr.cz\/katalogy\/wp-json\/wp\/v2\/pages\/9\/revisions\/457"}],"wp:attachment":[{"href":"http:\/\/alvincr.cz\/katalogy\/wp-json\/wp\/v2\/media?parent=9"}],"curies":[{"name":"wp","href":"https:\/\/api.w.org\/{rel}","templated":true}]}}