{"id":5,"date":"2011-04-20T13:19:28","date_gmt":"2011-04-20T12:19:28","guid":{"rendered":"http:\/\/katalog.alvincr.cz\/?page_id=5"},"modified":"2016-04-08T18:43:00","modified_gmt":"2016-04-08T17:43:00","slug":"cinnost-firmy","status":"publish","type":"page","link":"http:\/\/alvincr.cz\/katalogy\/cinnost-firmy\/","title":{"rendered":"\u010cinnost firmy"},"content":{"rendered":"<p>Firma ALVIN p\u016fsob\u00ed na \u010desk\u00e9m trhu od roku 1999.<br \/>\nSpole\u010dnost je p\u0159edn\u00edm import\u00e9rem a distributorem autod\u00edl\u016f:<br \/>\n&#8211; brzdov\u00e9 desti\u010dky METELLI<br \/>\n&#8211; brzdov\u00e9 \u010delisti METELLI<br \/>\n&#8211; brzdov\u00e9 kotou\u010de METELLI<br \/>\n&#8211; brzdov\u00e9 v\u00e1le\u010dky METELLI<br \/>\n&#8211; tlumi\u010de RECORD<br \/>\n&#8211; silentbloky TEKNOROT<br \/>\n&#8211; d\u00edly \u0159\u00edzen\u00ed TEKNOROT<br \/>\n&#8211; stabiliz\u00e1tory TEKNOROT<br \/>\n&#8211; spojky VALEO ; SEDE ; CO.ME ; NOVA KUPPLUNG ; JAPANPARTS<\/p>\n<p>Zbo\u017e\u00ed lze objedn\u00e1vat p\u0159es <a href=\"\/e-shop\/\"> internetov\u00fd e-shop<\/a> nebo <a href=\"\/kontakty\/\" target=\"hlavn\u00ed\">telefonicky<\/a>.<br \/>\nDistribuce zbo\u017e\u00ed pro z\u00e1kazn\u00edky po cel\u00e9 \u010cesk\u00e9 republice:<br \/>\n&#8211; no\u010dn\u00ed rozvoz<br \/>\n&#8211; po\u0161ta-profi bal\u00edk<br \/>\nDistribuce po Praze a\u017e 3x denn\u011b:<br \/>\n&#8211; rozvoz vozy firmy ALVIN<\/p>\n","protected":false},"excerpt":{"rendered":"<p>Firma ALVIN p\u016fsob\u00ed na \u010desk\u00e9m trhu od roku 1999. Spole\u010dnost je p\u0159edn\u00edm import\u00e9rem a distributorem autod\u00edl\u016f: &#8211; brzdov\u00e9 desti\u010dky METELLI &#8211; brzdov\u00e9 \u010delisti METELLI &#8211; brzdov\u00e9 kotou\u010de METELLI &#8211; brzdov\u00e9 v\u00e1le\u010dky METELLI &#8211; tlumi\u010de RECORD &#8211; silentbloky TEKNOROT &#8211; d\u00edly \u0159\u00edzen\u00ed TEKNOROT &#8211; stabiliz\u00e1tory TEKNOROT &#8211; spojky VALEO ; SEDE ; CO.ME ; NOVA KUPPLUNG [&hellip;]<\/p>\n","protected":false},"author":1,"featured_media":0,"parent":0,"menu_order":0,"comment_status":"closed","ping_status":"closed","template":"page.php","meta":[],"_links":{"self":[{"href":"http:\/\/alvincr.cz\/katalogy\/wp-json\/wp\/v2\/pages\/5"}],"collection":[{"href":"http:\/\/alvincr.cz\/katalogy\/wp-json\/wp\/v2\/pages"}],"about":[{"href":"http:\/\/alvincr.cz\/katalogy\/wp-json\/wp\/v2\/types\/page"}],"author":[{"embeddable":true,"href":"http:\/\/alvincr.cz\/katalogy\/wp-json\/wp\/v2\/users\/1"}],"replies":[{"embeddable":true,"href":"http:\/\/alvincr.cz\/katalogy\/wp-json\/wp\/v2\/comments?post=5"}],"version-history":[{"count":2,"href":"http:\/\/alvincr.cz\/katalogy\/wp-json\/wp\/v2\/pages\/5\/revisions"}],"predecessor-version":[{"id":375,"href":"http:\/\/alvincr.cz\/katalogy\/wp-json\/wp\/v2\/pages\/5\/revisions\/375"}],"wp:attachment":[{"href":"http:\/\/alvincr.cz\/katalogy\/wp-json\/wp\/v2\/media?parent=5"}],"curies":[{"name":"wp","href":"https:\/\/api.w.org\/{rel}","templated":true}]}}