{"id":28,"date":"2011-04-26T11:34:52","date_gmt":"2011-04-26T11:34:52","guid":{"rendered":"http:\/\/katalog.alvincr.cz\/?page_id=28"},"modified":"2019-08-16T10:52:39","modified_gmt":"2019-08-16T08:52:39","slug":"katalogy","status":"publish","type":"page","link":"http:\/\/alvincr.cz\/katalogy\/","title":{"rendered":"Katalogy"},"content":{"rendered":"<table class=\"tableKatalog\" border=\"0\" cellspacing=\"10\" cellpadding=\"10\" align=\"center\">\n<tbody>\n<tr>\n<td><a href=\"https:\/\/drive.google.com\/open?id=1PpaT7WlcLitbZ0ExvorRUweJaSq4RAxW\"><img loading=\"lazy\" class=\"alignnone wp-image-422 size-medium\" src=\"http:\/\/alvincr.cz\/wp-content\/uploads\/2019\/07\/Teknorot_katalog-212x300-212x300.jpg\" alt=\"\" width=\"212\" height=\"300\" \/><\/a><\/td>\n<td><a href=\"https:\/\/drive.google.com\/open?id=1TPppHy7P50aaZ6jdsvFNeDH6ee4-cay2\"><img loading=\"lazy\" class=\"alignnone wp-image-418 size-medium\" src=\"http:\/\/alvincr.cz\/wp-content\/uploads\/2019\/07\/Metelli-212x300-212x300.jpg\" alt=\"\" width=\"212\" height=\"300\" \/><\/a><\/td>\n<td><a href=\"https:\/\/drive.google.com\/open?id=1OfbDMaBVQG_0bKR8bVJVnPLivsUL71A7\"><img loading=\"lazy\" class=\"alignnone wp-image-420 size-medium\" src=\"http:\/\/alvincr.cz\/wp-content\/uploads\/2019\/07\/Metelli_brzdov\u00e9-v\u00e1le\u010dky-212x300-212x300.jpg\" alt=\"\" width=\"212\" height=\"300\" \/><\/a><\/td>\n<\/tr>\n<tr>\n<td style=\"text-align: left;\" align=\"center\">\n<p style=\"text-align: center;\"><a href=\"https:\/\/drive.google.com\/open?id=1PpaT7WlcLitbZ0ExvorRUweJaSq4RAxW\" target=\"_blank\" rel=\"noopener noreferrer\">katalog Teknorot<\/a><\/p>\n<p>&nbsp;<\/td>\n<td style=\"text-align: left;\" align=\"center\">\n<p style=\"text-align: center;\"><a href=\"https:\/\/drive.google.com\/open?id=1TPppHy7P50aaZ6jdsvFNeDH6ee4-cay2\" target=\"_blank\" rel=\"noopener noreferrer\">Metelli &#8211; desti\u010dky, kotou\u010de, pakny<\/a><\/p>\n<p>&nbsp;<\/td>\n<td style=\"text-align: left;\" align=\"center\">\n<p style=\"text-align: center;\"><a href=\"https:\/\/drive.google.com\/open?id=1OfbDMaBVQG_0bKR8bVJVnPLivsUL71A7\" target=\"_blank\" rel=\"noopener noreferrer\">Metelli &#8211; brzdov\u00e9 v\u00e1le\u010dky<\/a><\/p>\n<p>&nbsp;<\/td>\n<\/tr>\n<tr>\n<td><a href=\"http:\/\/alvincr.cz\/katalog\/?katalog=R\"><img loading=\"lazy\" class=\"alignnone wp-image-425 size-medium\" src=\"http:\/\/alvincr.cz\/wp-content\/uploads\/2019\/07\/katalog-Record_MJ-216x300-216x300.jpg\" alt=\"\" width=\"216\" height=\"300\" \/><\/a>\u00a0<span style=\"color: #ffffff;\">A<\/span><\/td>\n<td><a href=\"https:\/\/drive.google.com\/open?id=13pxaKx42mkbghKqySyhr1cIiW5UVpxO6\"><img loading=\"lazy\" class=\"alignnone wp-image-418 size-medium\" src=\"http:\/\/alvincr.cz\/wp-content\/uploads\/2019\/07\/Metelli-212x300-212x300.jpg\" alt=\"\" width=\"212\" height=\"300\" \/><\/a>\u00a0<span style=\"color: #ffffff;\">A<\/span><\/td>\n<td><a href=\"https:\/\/drive.google.com\/open?id=1UyPTi5gNyJQi2BZEErsSNENcD3F_cewN\"><img loading=\"lazy\" class=\"alignnone wp-image-424 size-full\" src=\"http:\/\/alvincr.cz\/wp-content\/uploads\/2019\/07\/Valeo-logo-216.jpg\" alt=\"\" width=\"216\" height=\"98\" \/><\/a><\/td>\n<\/tr>\n<tr>\n<td style=\"text-align: center;\" align=\"center\"><a href=\"http:\/\/alvincr.cz\/katalog\/?katalog=R\" target=\"_blank\" rel=\"noopener noreferrer\">katalog Record<\/a><\/td>\n<td style=\"text-align: center;\" align=\"center\"><a href=\"https:\/\/drive.google.com\/open?id=13pxaKx42mkbghKqySyhr1cIiW5UVpxO6\" target=\"_blank\" rel=\"noopener noreferrer\">Metelli &#8211; obr\u00e1zky<\/a><\/td>\n<td style=\"text-align: center;\" align=\"center\"><a href=\"https:\/\/drive.google.com\/open?id=1UyPTi5gNyJQi2BZEErsSNENcD3F_cewN\">katalog Valeo<\/a><a href=\"\/katalog\/?katalog=Q\" target=\"_blank\" rel=\"noopener noreferrer\"><br \/>\n<\/a><\/td>\n<\/tr>\n<\/tbody>\n<\/table>\n","protected":false},"excerpt":{"rendered":"<p>katalog Teknorot &nbsp; Metelli &#8211; desti\u010dky, kotou\u010de, pakny &nbsp; Metelli &#8211; brzdov\u00e9 v\u00e1le\u010dky &nbsp; \u00a0A \u00a0A katalog Record Metelli &#8211; obr\u00e1zky katalog Valeo<\/p>\n","protected":false},"author":1,"featured_media":0,"parent":0,"menu_order":0,"comment_status":"closed","ping_status":"closed","template":"page-katalog.php","meta":[],"_links":{"self":[{"href":"http:\/\/alvincr.cz\/katalogy\/wp-json\/wp\/v2\/pages\/28"}],"collection":[{"href":"http:\/\/alvincr.cz\/katalogy\/wp-json\/wp\/v2\/pages"}],"about":[{"href":"http:\/\/alvincr.cz\/katalogy\/wp-json\/wp\/v2\/types\/page"}],"author":[{"embeddable":true,"href":"http:\/\/alvincr.cz\/katalogy\/wp-json\/wp\/v2\/users\/1"}],"replies":[{"embeddable":true,"href":"http:\/\/alvincr.cz\/katalogy\/wp-json\/wp\/v2\/comments?post=28"}],"version-history":[{"count":17,"href":"http:\/\/alvincr.cz\/katalogy\/wp-json\/wp\/v2\/pages\/28\/revisions"}],"predecessor-version":[{"id":437,"href":"http:\/\/alvincr.cz\/katalogy\/wp-json\/wp\/v2\/pages\/28\/revisions\/437"}],"wp:attachment":[{"href":"http:\/\/alvincr.cz\/katalogy\/wp-json\/wp\/v2\/media?parent=28"}],"curies":[{"name":"wp","href":"https:\/\/api.w.org\/{rel}","templated":true}]}}