{"id":117,"date":"2011-06-02T16:16:38","date_gmt":"2011-06-02T15:16:38","guid":{"rendered":"http:\/\/katalog.alvincr.cz\/?page_id=117"},"modified":"2015-10-13T14:22:08","modified_gmt":"2015-10-13T13:22:08","slug":"obrazky","status":"publish","type":"page","link":"http:\/\/alvincr.cz\/katalogy\/katalogy\/obrazky\/","title":{"rendered":"Metelli &#8211; obr\u00e1zky"},"content":{"rendered":"<table border=\"0\">\n<tbody>\n<tr>\n<td>brzdov\u00e9 desti\u010dky:<\/td>\n<td>brzdov\u00e9 \u010delisti:<\/td>\n<\/tr>\n<tr>\n<td><a title=\"Metelli - brzdov\u00e9 desti\u010dky \u0159ada 001-100\" href=\"\/data\/alvincr\/soubory\/Metelli%20desticky_001-100.pdf\" target=\"_blank\">\u0159ada 22-0001 &#8211; 22-0100<\/a><\/td>\n<td><a title=\"Metelli - brzdov\u00e9 \u010delisti \u0159ada 001-100\" href=\"\/data\/alvincr\/soubory\/Metelli%20celisti_001-100.pdf\" target=\"_blank\">\u0159ada 53-0001 &#8211; 53-0100<\/a><\/td>\n<\/tr>\n<tr>\n<td><a title=\"Metelli - brzdov\u00e9 desti\u010dky \u0159ada 101-200\" href=\"\/data\/alvincr\/soubory\/Metelli%20desticky_101-200.pdf\" target=\"_blank\">\u0159ada 22-0101 &#8211; 22-0200<\/a><\/td>\n<td><a title=\"Metelli - brzdov\u00e9 \u010delisti \u0159ada 101-200\" href=\"\/data\/alvincr\/soubory\/Metelli%20celisti_101-200.pdf\" target=\"_blank\">\u0159ada 53-0101 &#8211; 53-0200<\/a><\/td>\n<\/tr>\n<tr>\n<td><a title=\"Metelli - brzdov\u00e9 desti\u010dky \u0159ada 201-300\" href=\"\/data\/alvincr\/soubory\/Metelli%20desticky_201-300.pdf\" target=\"_blank\">\u0159ada 22-0201 &#8211; 22-0300<\/a><\/td>\n<td><a title=\"Metelli - brzdov\u00e9 \u010delisti \u0159ada 201-300\" href=\"\/data\/alvincr\/soubory\/Metelli%20celisti_201-300.pdf\" target=\"_blank\">\u0159ada 53-0201 &#8211; 53-0300<\/a><\/td>\n<\/tr>\n<tr>\n<td><a title=\"Metelli - brzdov\u00e9 desti\u010dky \u0159ada 301-400\" href=\"\/data\/alvincr\/soubory\/Metelli%20desticky_301-400.pdf\" target=\"_blank\">\u0159ada 22-0301 &#8211; 22-0400<\/a><\/td>\n<td><a title=\"Metelli - brzdov\u00e9 \u010delisti \u0159ada 301-400\" href=\"\/data\/alvincr\/soubory\/Metelli%20celisti_301-400.pdf\" target=\"_blank\">\u0159ada 53-0301 &#8211; 53-0400<\/a><\/td>\n<\/tr>\n<tr>\n<td><a title=\"Metelli - brzdov\u00e9 desti\u010dky \u0159ada 401-500\" href=\"\/data\/alvincr\/soubory\/Metelli%20desticky_401-500.pdf\" target=\"_blank\">\u0159ada 22-0401 &#8211; 22-0500<\/a><\/td>\n<td><a title=\"Metelli - brzdov\u00e9 \u010delisti \u0159ada 401-480\" href=\"\/data\/alvincr\/soubory\/Metelli%20celisti_401-480.pdf\" target=\"_blank\">\u0159ada 53-0401 &#8211; 53-0480<\/a><\/td>\n<\/tr>\n<tr>\n<td><a title=\"Metelli - brzdov\u00e9 desti\u010dky \u0159ada 501-600\" href=\"\/data\/alvincr\/soubory\/Metelli%20desticky_501-600.pdf\" target=\"_blank\">\u0159ada 22-0501 &#8211; 22-0600<\/a><\/td>\n<td><\/td>\n<\/tr>\n<tr>\n<td><a title=\"Metelli - brzdov\u00e9 desti\u010dky \u0159ada 601-700\" href=\"\/data\/alvincr\/soubory\/Metelli%20desticky_601-700.pdf\" target=\"_blank\">\u0159ada 22-0601 &#8211; 22-0700<\/a><\/td>\n<td><\/td>\n<\/tr>\n<tr>\n<td><a title=\"Metelli - brzdov\u00e9 desti\u010dky \u0159ada 701-800\" href=\"\/data\/alvincr\/soubory\/Metelli%20desticky_701-800.pdf\" target=\"_blank\">\u0159ada 22-0701 &#8211; 22-0800<\/a><\/td>\n<td><\/td>\n<\/tr>\n<tr>\n<td><a title=\"Metelli - brzdov\u00e9 desti\u010dky \u0159ada 801-824\" href=\"\/data\/alvincr\/soubory\/Metelli%20desticky_801-824.pdf\" target=\"_blank\">\u0159ada 22-0801 &#8211; 22-0824<\/a><\/td>\n<td><\/td>\n<\/tr>\n<\/tbody>\n<\/table>\n","protected":false},"excerpt":{"rendered":"<p>brzdov\u00e9 desti\u010dky: brzdov\u00e9 \u010delisti: \u0159ada 22-0001 &#8211; 22-0100 \u0159ada 53-0001 &#8211; 53-0100 \u0159ada 22-0101 &#8211; 22-0200 \u0159ada 53-0101 &#8211; 53-0200 \u0159ada 22-0201 &#8211; 22-0300 \u0159ada 53-0201 &#8211; 53-0300 \u0159ada 22-0301 &#8211; 22-0400 \u0159ada 53-0301 &#8211; 53-0400 \u0159ada 22-0401 &#8211; 22-0500 \u0159ada 53-0401 &#8211; 53-0480 \u0159ada 22-0501 &#8211; 22-0600 \u0159ada 22-0601 &#8211; 22-0700 \u0159ada 22-0701 &#8211; [&hellip;]<\/p>\n","protected":false},"author":2,"featured_media":0,"parent":28,"menu_order":1,"comment_status":"closed","ping_status":"closed","template":"page-katalog.php","meta":[],"_links":{"self":[{"href":"http:\/\/alvincr.cz\/katalogy\/wp-json\/wp\/v2\/pages\/117"}],"collection":[{"href":"http:\/\/alvincr.cz\/katalogy\/wp-json\/wp\/v2\/pages"}],"about":[{"href":"http:\/\/alvincr.cz\/katalogy\/wp-json\/wp\/v2\/types\/page"}],"author":[{"embeddable":true,"href":"http:\/\/alvincr.cz\/katalogy\/wp-json\/wp\/v2\/users\/2"}],"replies":[{"embeddable":true,"href":"http:\/\/alvincr.cz\/katalogy\/wp-json\/wp\/v2\/comments?post=117"}],"version-history":[{"count":1,"href":"http:\/\/alvincr.cz\/katalogy\/wp-json\/wp\/v2\/pages\/117\/revisions"}],"predecessor-version":[{"id":330,"href":"http:\/\/alvincr.cz\/katalogy\/wp-json\/wp\/v2\/pages\/117\/revisions\/330"}],"up":[{"embeddable":true,"href":"http:\/\/alvincr.cz\/katalogy\/wp-json\/wp\/v2\/pages\/28"}],"wp:attachment":[{"href":"http:\/\/alvincr.cz\/katalogy\/wp-json\/wp\/v2\/media?parent=117"}],"curies":[{"name":"wp","href":"https:\/\/api.w.org\/{rel}","templated":true}]}}